{"id":2811,"date":"2026-01-22T11:09:58","date_gmt":"2026-01-22T11:09:58","guid":{"rendered":"https:\/\/parcsansgluten.ca\/?post_type=product&#038;p=2811"},"modified":"2026-02-23T21:34:37","modified_gmt":"2026-02-23T21:34:37","slug":"raisin-bread","status":"publish","type":"product","link":"https:\/\/parcsansgluten.ca\/fr\/product\/raisin-bread\/","title":{"rendered":"Pain aux raisins"},"content":{"rendered":"<p><em>Pain aux raisins sans gluten \u2014 moelleux, fruit\u00e9, r\u00e9confortant<\/em><br \/>\nNotre pain aux raisins sans gluten est cuit \u00e0 la perfection, moelleux et dor\u00e9, garni de raisins juteux et g\u00e9n\u00e9reux. Chaque tranche offre une douceur naturelle et une mie tendre, id\u00e9ale \u00e0 d\u00e9guster avec du beurre ou de la confiture. Un classique r\u00e9confortant, con\u00e7u pour se faire plaisir au quotidien sans compromis.<\/p>","protected":false},"excerpt":{"rendered":"<p>Pain aux raisins sans gluten \u2014 moelleux, fruit\u00e9, r\u00e9confortant Our gluten\u2011free raisin bread is baked to a soft, golden perfection, filled with plump, juicy raisins. Each slice delivers natural sweetness and a tender crumb that pairs beautifully with butter or jam. A comforting classic, crafted for everyday enjoyment without compromise.<\/p>","protected":false},"featured_media":3418,"comment_status":"open","ping_status":"closed","template":"","meta":[],"product_brand":[],"product_cat":[49],"product_tag":[],"class_list":{"0":"post-2811","1":"product","2":"type-product","3":"status-publish","4":"has-post-thumbnail","6":"product_cat-bread-baggete","8":"first","9":"instock","10":"taxable","11":"shipping-taxable","12":"product-type-simple"},"yoast_head":"<!-- This site is optimized with the Yoast SEO Premium plugin v25.5 (Yoast SEO v27.2) - https:\/\/yoast.com\/product\/yoast-seo-premium-wordpress\/ -->\n<title>Raisin Bread - Parc Sans Gluten<\/title>\n<meta name=\"robots\" content=\"noindex, follow, max-snippet:-1, max-image-preview:large, max-video-preview:-1\" \/>\n<meta property=\"og:locale\" content=\"fr_CA\" \/>\n<meta property=\"og:type\" content=\"article\" \/>\n<meta property=\"og:title\" content=\"Raisin Bread\" \/>\n<meta property=\"og:description\" content=\"Pain aux raisins sans gluten \u2014 moelleux, fruit\u00e9, r\u00e9confortant Our gluten\u2011free raisin bread is baked to a soft, golden perfection, filled with plump, juicy raisins. Each slice delivers natural sweetness and a tender crumb that pairs beautifully with butter or jam. A comforting classic, crafted for everyday enjoyment without compromise.\" \/>\n<meta property=\"og:url\" content=\"https:\/\/parcsansgluten.ca\/fr\/product\/raisin-bread\/\" \/>\n<meta property=\"og:site_name\" content=\"Parc Sans Gluten\" \/>\n<meta property=\"article:modified_time\" content=\"2026-02-23T21:34:37+00:00\" \/>\n<meta property=\"og:image\" content=\"https:\/\/parcsansgluten.ca\/wp-content\/uploads\/2026\/01\/Raisin-Bread.png\" \/>\n\t<meta property=\"og:image:width\" content=\"1080\" \/>\n\t<meta property=\"og:image:height\" content=\"1080\" \/>\n\t<meta property=\"og:image:type\" content=\"image\/png\" \/>\n<meta name=\"twitter:card\" content=\"summary_large_image\" \/>\n<meta name=\"twitter:label1\" content=\"Estimation du temps de lecture\" \/>\n\t<meta name=\"twitter:data1\" content=\"1 minute\" \/>\n<script type=\"application\/ld+json\" class=\"yoast-schema-graph\">{\"@context\":\"https:\/\/schema.org\",\"@graph\":[{\"@type\":\"WebPage\",\"@id\":\"https:\/\/parcsansgluten.ca\/product\/raisin-bread\/\",\"url\":\"https:\/\/parcsansgluten.ca\/product\/raisin-bread\/\",\"name\":\"Raisin Bread - Parc Sans Gluten\",\"isPartOf\":{\"@id\":\"https:\/\/parcsansgluten.ca\/#website\"},\"primaryImageOfPage\":{\"@id\":\"https:\/\/parcsansgluten.ca\/product\/raisin-bread\/#primaryimage\"},\"image\":{\"@id\":\"https:\/\/parcsansgluten.ca\/product\/raisin-bread\/#primaryimage\"},\"thumbnailUrl\":\"https:\/\/parcsansgluten.ca\/wp-content\/uploads\/2026\/01\/Raisin-Bread.png\",\"datePublished\":\"2026-01-22T11:09:58+00:00\",\"dateModified\":\"2026-02-23T21:34:37+00:00\",\"breadcrumb\":{\"@id\":\"https:\/\/parcsansgluten.ca\/product\/raisin-bread\/#breadcrumb\"},\"inLanguage\":\"fr-CA\",\"potentialAction\":[{\"@type\":\"ReadAction\",\"target\":[\"https:\/\/parcsansgluten.ca\/product\/raisin-bread\/\"]}]},{\"@type\":\"ImageObject\",\"inLanguage\":\"fr-CA\",\"@id\":\"https:\/\/parcsansgluten.ca\/product\/raisin-bread\/#primaryimage\",\"url\":\"https:\/\/parcsansgluten.ca\/wp-content\/uploads\/2026\/01\/Raisin-Bread.png\",\"contentUrl\":\"https:\/\/parcsansgluten.ca\/wp-content\/uploads\/2026\/01\/Raisin-Bread.png\",\"width\":1080,\"height\":1080},{\"@type\":\"BreadcrumbList\",\"@id\":\"https:\/\/parcsansgluten.ca\/product\/raisin-bread\/#breadcrumb\",\"itemListElement\":[{\"@type\":\"ListItem\",\"position\":1,\"name\":\"Home\",\"item\":\"https:\/\/parcsansgluten.ca\/\"},{\"@type\":\"ListItem\",\"position\":2,\"name\":\"Products\",\"item\":\"https:\/\/parcsansgluten.ca\/shop\/\"},{\"@type\":\"ListItem\",\"position\":3,\"name\":\"Raisin Bread\"}]},{\"@type\":\"WebSite\",\"@id\":\"https:\/\/parcsansgluten.ca\/#website\",\"url\":\"https:\/\/parcsansgluten.ca\/\",\"name\":\"Parc Sans Gluten\",\"description\":\"\",\"publisher\":{\"@id\":\"https:\/\/parcsansgluten.ca\/#organization\"},\"potentialAction\":[{\"@type\":\"SearchAction\",\"target\":{\"@type\":\"EntryPoint\",\"urlTemplate\":\"https:\/\/parcsansgluten.ca\/?s={search_term_string}\"},\"query-input\":{\"@type\":\"PropertyValueSpecification\",\"valueRequired\":true,\"valueName\":\"search_term_string\"}}],\"inLanguage\":\"fr-CA\"},{\"@type\":\"Organization\",\"@id\":\"https:\/\/parcsansgluten.ca\/#organization\",\"name\":\"Parc Sans Gluten\",\"url\":\"https:\/\/parcsansgluten.ca\/\",\"logo\":{\"@type\":\"ImageObject\",\"inLanguage\":\"fr-CA\",\"@id\":\"https:\/\/parcsansgluten.ca\/#\/schema\/logo\/image\/\",\"url\":\"https:\/\/parcsansgluten.ca\/wp-content\/uploads\/2025\/12\/cropped-cropped-LOGO-PAC-SANT-GLUTEN-1.png\",\"contentUrl\":\"https:\/\/parcsansgluten.ca\/wp-content\/uploads\/2025\/12\/cropped-cropped-LOGO-PAC-SANT-GLUTEN-1.png\",\"width\":512,\"height\":512,\"caption\":\"Parc Sans Gluten\"},\"image\":{\"@id\":\"https:\/\/parcsansgluten.ca\/#\/schema\/logo\/image\/\"}}]}<\/script>\n<!-- \/ Yoast SEO Premium plugin. -->","yoast_head_json":{"title":"Raisin Bread - Parc Sans Gluten","robots":{"index":"noindex","follow":"follow","max-snippet":"max-snippet:-1","max-image-preview":"max-image-preview:large","max-video-preview":"max-video-preview:-1"},"og_locale":"fr_CA","og_type":"article","og_title":"Raisin Bread","og_description":"Pain aux raisins sans gluten \u2014 moelleux, fruit\u00e9, r\u00e9confortant Our gluten\u2011free raisin bread is baked to a soft, golden perfection, filled with plump, juicy raisins. Each slice delivers natural sweetness and a tender crumb that pairs beautifully with butter or jam. A comforting classic, crafted for everyday enjoyment without compromise.","og_url":"https:\/\/parcsansgluten.ca\/fr\/product\/raisin-bread\/","og_site_name":"Parc Sans Gluten","article_modified_time":"2026-02-23T21:34:37+00:00","og_image":[{"width":1080,"height":1080,"url":"https:\/\/parcsansgluten.ca\/wp-content\/uploads\/2026\/01\/Raisin-Bread.png","type":"image\/png"}],"twitter_card":"summary_large_image","twitter_misc":{"Estimation du temps de lecture":"1 minute"},"schema":{"@context":"https:\/\/schema.org","@graph":[{"@type":"WebPage","@id":"https:\/\/parcsansgluten.ca\/product\/raisin-bread\/","url":"https:\/\/parcsansgluten.ca\/product\/raisin-bread\/","name":"Raisin Bread - Parc Sans Gluten","isPartOf":{"@id":"https:\/\/parcsansgluten.ca\/#website"},"primaryImageOfPage":{"@id":"https:\/\/parcsansgluten.ca\/product\/raisin-bread\/#primaryimage"},"image":{"@id":"https:\/\/parcsansgluten.ca\/product\/raisin-bread\/#primaryimage"},"thumbnailUrl":"https:\/\/parcsansgluten.ca\/wp-content\/uploads\/2026\/01\/Raisin-Bread.png","datePublished":"2026-01-22T11:09:58+00:00","dateModified":"2026-02-23T21:34:37+00:00","breadcrumb":{"@id":"https:\/\/parcsansgluten.ca\/product\/raisin-bread\/#breadcrumb"},"inLanguage":"fr-CA","potentialAction":[{"@type":"ReadAction","target":["https:\/\/parcsansgluten.ca\/product\/raisin-bread\/"]}]},{"@type":"ImageObject","inLanguage":"fr-CA","@id":"https:\/\/parcsansgluten.ca\/product\/raisin-bread\/#primaryimage","url":"https:\/\/parcsansgluten.ca\/wp-content\/uploads\/2026\/01\/Raisin-Bread.png","contentUrl":"https:\/\/parcsansgluten.ca\/wp-content\/uploads\/2026\/01\/Raisin-Bread.png","width":1080,"height":1080},{"@type":"BreadcrumbList","@id":"https:\/\/parcsansgluten.ca\/product\/raisin-bread\/#breadcrumb","itemListElement":[{"@type":"ListItem","position":1,"name":"Home","item":"https:\/\/parcsansgluten.ca\/"},{"@type":"ListItem","position":2,"name":"Products","item":"https:\/\/parcsansgluten.ca\/shop\/"},{"@type":"ListItem","position":3,"name":"Raisin Bread"}]},{"@type":"WebSite","@id":"https:\/\/parcsansgluten.ca\/#website","url":"https:\/\/parcsansgluten.ca\/","name":"Parc Sans Gluten","description":"","publisher":{"@id":"https:\/\/parcsansgluten.ca\/#organization"},"potentialAction":[{"@type":"SearchAction","target":{"@type":"EntryPoint","urlTemplate":"https:\/\/parcsansgluten.ca\/?s={search_term_string}"},"query-input":{"@type":"PropertyValueSpecification","valueRequired":true,"valueName":"search_term_string"}}],"inLanguage":"fr-CA"},{"@type":"Organization","@id":"https:\/\/parcsansgluten.ca\/#organization","name":"Parc Sans Gluten","url":"https:\/\/parcsansgluten.ca\/","logo":{"@type":"ImageObject","inLanguage":"fr-CA","@id":"https:\/\/parcsansgluten.ca\/#\/schema\/logo\/image\/","url":"https:\/\/parcsansgluten.ca\/wp-content\/uploads\/2025\/12\/cropped-cropped-LOGO-PAC-SANT-GLUTEN-1.png","contentUrl":"https:\/\/parcsansgluten.ca\/wp-content\/uploads\/2025\/12\/cropped-cropped-LOGO-PAC-SANT-GLUTEN-1.png","width":512,"height":512,"caption":"Parc Sans Gluten"},"image":{"@id":"https:\/\/parcsansgluten.ca\/#\/schema\/logo\/image\/"}}]}},"_links":{"self":[{"href":"https:\/\/parcsansgluten.ca\/fr\/wp-json\/wp\/v2\/product\/2811","targetHints":{"allow":["GET"]}}],"collection":[{"href":"https:\/\/parcsansgluten.ca\/fr\/wp-json\/wp\/v2\/product"}],"about":[{"href":"https:\/\/parcsansgluten.ca\/fr\/wp-json\/wp\/v2\/types\/product"}],"replies":[{"embeddable":true,"href":"https:\/\/parcsansgluten.ca\/fr\/wp-json\/wp\/v2\/comments?post=2811"}],"wp:featuredmedia":[{"embeddable":true,"href":"https:\/\/parcsansgluten.ca\/fr\/wp-json\/wp\/v2\/media\/3418"}],"wp:attachment":[{"href":"https:\/\/parcsansgluten.ca\/fr\/wp-json\/wp\/v2\/media?parent=2811"}],"wp:term":[{"taxonomy":"product_brand","embeddable":true,"href":"https:\/\/parcsansgluten.ca\/fr\/wp-json\/wp\/v2\/product_brand?post=2811"},{"taxonomy":"product_cat","embeddable":true,"href":"https:\/\/parcsansgluten.ca\/fr\/wp-json\/wp\/v2\/product_cat?post=2811"},{"taxonomy":"product_tag","embeddable":true,"href":"https:\/\/parcsansgluten.ca\/fr\/wp-json\/wp\/v2\/product_tag?post=2811"}],"curies":[{"name":"wp","href":"https:\/\/api.w.org\/{rel}","templated":true}]}}